{"id":1247,"date":"2019-01-12T12:14:23","date_gmt":"2019-01-12T11:14:23","guid":{"rendered":"http:\/\/www.avvf.ch\/wp\/?page_id=1247"},"modified":"2024-12-28T18:46:18","modified_gmt":"2024-12-28T17:46:18","slug":"demandes-de-subsides","status":"publish","type":"page","link":"https:\/\/www.avvf.ch\/wp\/statuts-reglements\/reglement-financier\/demandes-de-subsides\/","title":{"rendered":"Demandes de subsides"},"content":{"rendered":"<p><strong>Organisation de tournoi ou d&rsquo;achat de mat\u00e9riel<\/strong><\/p>\n<p>Vous pouvez faire une demande de soutien aupr\u00e8s de l&rsquo;AVVF selon le r\u00e8glement financier <a href=\"https:\/\/www.avvf.ch\/wp\/statuts-reglements-et-documents\/\" target=\"_blank\" rel=\"noopener\">\u00e0 cette page<\/a>.<\/p>\n<p><strong>Demandes cantonales<\/strong><\/p>\n<p><a href=\"mailto:vaud@avvf.ch\">vaud@avvf.ch<\/a><\/p>\n<p><a href=\"mailto:valais@avvf.ch\">valais@avvf.ch<\/a><\/p>\n<p><a href=\"mailto:fribourg@avvf.ch\">fribourg@avvf.ch<\/a><\/p>\n","protected":false},"excerpt":{"rendered":"<p>Organisation de tournoi ou d&rsquo;achat de mat\u00e9riel Vous pouvez faire une demande de soutien aupr\u00e8s de l&rsquo;AVVF selon le r\u00e8glement financier \u00e0 cette page. Demandes cantonales vaud@avvf.ch valais@avvf.ch fribourg@avvf.ch<\/p>\n","protected":false},"author":4,"featured_media":211,"parent":439,"menu_order":0,"comment_status":"closed","ping_status":"closed","template":"","meta":{"footnotes":""},"class_list":["post-1247","page","type-page","status-publish","has-post-thumbnail","hentry"],"_links":{"self":[{"href":"https:\/\/www.avvf.ch\/wp\/wp-json\/wp\/v2\/pages\/1247","targetHints":{"allow":["GET"]}}],"collection":[{"href":"https:\/\/www.avvf.ch\/wp\/wp-json\/wp\/v2\/pages"}],"about":[{"href":"https:\/\/www.avvf.ch\/wp\/wp-json\/wp\/v2\/types\/page"}],"author":[{"embeddable":true,"href":"https:\/\/www.avvf.ch\/wp\/wp-json\/wp\/v2\/users\/4"}],"replies":[{"embeddable":true,"href":"https:\/\/www.avvf.ch\/wp\/wp-json\/wp\/v2\/comments?post=1247"}],"version-history":[{"count":9,"href":"https:\/\/www.avvf.ch\/wp\/wp-json\/wp\/v2\/pages\/1247\/revisions"}],"predecessor-version":[{"id":4919,"href":"https:\/\/www.avvf.ch\/wp\/wp-json\/wp\/v2\/pages\/1247\/revisions\/4919"}],"up":[{"embeddable":true,"href":"https:\/\/www.avvf.ch\/wp\/wp-json\/wp\/v2\/pages\/439"}],"wp:featuredmedia":[{"embeddable":true,"href":"https:\/\/www.avvf.ch\/wp\/wp-json\/wp\/v2\/media\/211"}],"wp:attachment":[{"href":"https:\/\/www.avvf.ch\/wp\/wp-json\/wp\/v2\/media?parent=1247"}],"curies":[{"name":"wp","href":"https:\/\/api.w.org\/{rel}","templated":true}]}}