{"id":532,"date":"2018-04-16T11:44:41","date_gmt":"2018-04-16T11:44:41","guid":{"rendered":"http:\/\/www.avvf.ch\/wp\/?page_id=532"},"modified":"2025-06-20T14:00:23","modified_gmt":"2025-06-20T13:00:23","slug":"depuis-2009","status":"publish","type":"page","link":"https:\/\/www.avvf.ch\/wp\/insignes-du-merite\/50-ans\/depuis-2009\/","title":{"rendered":"Depuis 2009"},"content":{"rendered":"<p><strong>M\u00e9dailles remises \u00e0 partir du 20 juin 2009<\/strong><\/p>\n<p>&nbsp;<\/p>\n<p>&nbsp;<\/p>\n<p>&nbsp;<\/p>\n<table class=\"xl2417372\" border=\"0\" cellspacing=\"0\" cellpadding=\"0\">\n<tbody>\n<tr bgcolor=\"#67860E\">\n<td class=\"xl2517372\" height=\"29\"><span style=\"color: #ffffff;\"><strong>Ann\u00e9e<\/strong><\/span><\/td>\n<td class=\"xl2617372\"><span style=\"color: #ffffff;\"><strong>Nom et pr\u00e9nom<\/strong><\/span><\/td>\n<td class=\"xl2617372\"><span style=\"color: #ffffff;\"><strong>Club<\/strong><\/span><\/td>\n<\/tr>\n<tr bgcolor=\"#F2EF5F\">\n<td class=\"xl2717372\" width=\"88\" height=\"24\">2009<\/td>\n<td class=\"xl2817372\" width=\"223\">Stoudmann Georges<\/td>\n<td class=\"xl2817372\" width=\"181\">Blonay<\/td>\n<\/tr>\n<tr bgcolor=\"#F2EF5F\">\n<td class=\"xl2717372\" width=\"88\" height=\"24\">2009<\/td>\n<td class=\"xl2817372\" width=\"223\">Birbaum Roland<\/td>\n<td class=\"xl2817372\" width=\"181\">Bulle<\/td>\n<\/tr>\n<tr bgcolor=\"#F2EF5F\">\n<td class=\"xl2717372\" width=\"88\" height=\"24\">2009<\/td>\n<td class=\"xl2817372\" width=\"223\">Jonin Charles<\/td>\n<td class=\"xl2817372\" width=\"181\">Fribourg<\/td>\n<\/tr>\n<tr bgcolor=\"#F2EF5F\">\n<td class=\"xl2717372\" width=\"88\" height=\"24\">2009<\/td>\n<td class=\"xl2817372\" width=\"223\">Furrer Ernest<\/td>\n<td class=\"xl2817372\" width=\"181\">Lausanne<\/td>\n<\/tr>\n<tr bgcolor=\"#F2EF5F\">\n<td class=\"xl2717372\" width=\"88\" height=\"24\">2009<\/td>\n<td class=\"xl2817372\" width=\"223\">Tedeschi Armand<\/td>\n<td class=\"xl2817372\" width=\"181\">Nestl\u00e9<\/td>\n<\/tr>\n<tr bgcolor=\"#F2EF5F\">\n<td class=\"xl2717372\" width=\"88\" height=\"24\">2009<\/td>\n<td class=\"xl2817372\" width=\"223\">Buchs Antoine<\/td>\n<td class=\"xl2817372\" width=\"181\">Sion<\/td>\n<\/tr>\n<tr bgcolor=\"#F2EF5F\">\n<td class=\"xl2717372\" width=\"88\" height=\"24\">2009<\/td>\n<td class=\"xl2817372\" width=\"223\">Nidegger Guy<\/td>\n<td class=\"xl2817372\" width=\"181\">Sion<\/td>\n<\/tr>\n<tr bgcolor=\"#F2EF5F\">\n<td class=\"xl2717372\" width=\"88\" height=\"24\">2009<\/td>\n<td class=\"xl2817372\" width=\"223\">Lassueur R\u00e9my<\/td>\n<td class=\"xl2817372\" width=\"181\">Ste-Croix<\/td>\n<\/tr>\n<tr bgcolor=\"#F2EF5F\">\n<td class=\"xl2717372\" width=\"88\" height=\"24\">2009<\/td>\n<td class=\"xl2817372\" width=\"223\">Zaugg Jacques<\/td>\n<td class=\"xl2817372\" width=\"181\">Vevey<\/td>\n<\/tr>\n<tr bgcolor=\"#F08080\">\n<td class=\"xl2917372\" width=\"88\" height=\"24\">2010<\/td>\n<td class=\"xl3017372\" width=\"223\">Est\u00e8ve Antoine<\/td>\n<td class=\"xl3017372\" width=\"181\">Lausanne<\/td>\n<\/tr>\n<tr bgcolor=\"#F9A9F0\">\n<td class=\"xl3117372\" width=\"88\" height=\"24\">2011<\/td>\n<td class=\"xl3217372\" width=\"223\">Fessard Christian<\/td>\n<td class=\"xl3217372\" width=\"181\">Membre d&rsquo;honneur<\/td>\n<\/tr>\n<tr bgcolor=\"#F9A9F0\">\n<td class=\"xl3117372\" width=\"88\" height=\"24\">2011<\/td>\n<td class=\"xl3217372\" width=\"223\">Fonjallaz Jean-Pierre<\/td>\n<td class=\"xl3217372\" width=\"181\">Nestl\u00e9<\/td>\n<\/tr>\n<tr bgcolor=\"#F9A9F0\">\n<td class=\"xl3117372\" width=\"88\" height=\"24\">2011<\/td>\n<td class=\"xl3217372\" width=\"223\">Hofstetter Dagobert<\/td>\n<td class=\"xl3217372\" width=\"181\">Rossens<\/td>\n<\/tr>\n<tr bgcolor=\"#D3D3D3\">\n<td class=\"xl2717372\" width=\"88\" height=\"24\">2012<\/td>\n<td class=\"xl2817372\" width=\"223\">&#8211;<\/td>\n<td class=\"xl2817372\" width=\"181\">&#8211;<\/td>\n<\/tr>\n<tr bgcolor=\"#A9C4F9\">\n<td class=\"xl2417372\" height=\"24\">2013<\/td>\n<td class=\"xl2417372\">Regard Georges<\/td>\n<td class=\"xl2417372\">Bougy<\/td>\n<\/tr>\n<tr bgcolor=\"#A9C4F9\">\n<td class=\"xl2417372\" height=\"24\">2013<\/td>\n<td class=\"xl2417372\">Schlicht Helmut<\/td>\n<td class=\"xl2417372\">Sion<\/td>\n<\/tr>\n<tr bgcolor=\"#A9F9F0\">\n<td class=\"xl2717372\" width=\"88\" height=\"24\">2014<\/td>\n<td class=\"xl2817372\" width=\"223\">Ecoffey Georges<\/td>\n<td class=\"xl2817372\" width=\"181\">Villars\/Gl\u00e2ne<\/td>\n<\/tr>\n<tr bgcolor=\"#D3D3D3\">\n<td class=\"xl2717372\" width=\"88\" height=\"24\">2015<\/td>\n<td class=\"xl2817372\" width=\"223\">&#8211;<\/td>\n<td class=\"xl2817372\" width=\"181\">&#8211;<\/td>\n<\/tr>\n<tr bgcolor=\"#D3D3D3\">\n<td class=\"xl2717372\" width=\"88\" height=\"24\">2016<\/td>\n<td class=\"xl2817372\" width=\"223\">&#8211;<\/td>\n<td class=\"xl2817372\" width=\"181\">&#8211;<\/td>\n<\/tr>\n<tr bgcolor=\"#EFB24D\">\n<td class=\"xl2717372\" width=\"88\" height=\"24\">\u00a02017<\/td>\n<td class=\"xl2817372\" width=\"223\">Costa Andr\u00e8s<\/td>\n<td class=\"xl2817372\" width=\"181\">Forward-Morges<\/td>\n<\/tr>\n<tr bgcolor=\"#EFB24D\">\n<td class=\"xl2717372\" width=\"88\" height=\"24\">\u00a02017<\/td>\n<td class=\"xl2817372\" width=\"223\">Gueniot G\u00e9rard<\/td>\n<td class=\"xl2817372\" width=\"181\">Trams-Renes<\/td>\n<\/tr>\n<tr bgcolor=\"#EFB24D\">\n<td class=\"xl2717372\" width=\"88\" height=\"24\">2017<\/td>\n<td class=\"xl2817372\" width=\"223\">Weiss G\u00e9rard<\/td>\n<td class=\"xl2817372\" width=\"181\">Vaudoise-Assurances<\/td>\n<\/tr>\n<tr bgcolor=\"#FFDAB9\">\n<td class=\"xl2717372\" width=\"88\" height=\"24\">2018<\/td>\n<td class=\"xl2817372\" width=\"223\">Charlet Eric<\/td>\n<td class=\"xl2817372\" width=\"181\">Montriond<\/td>\n<\/tr>\n<tr bgcolor=\"#FFDAB9\">\n<td class=\"xl2717372\" width=\"88\" height=\"24\">2018<\/td>\n<td class=\"xl2817372\" width=\"223\">Rigolet Jean-Pierre<\/td>\n<td class=\"xl2817372\" width=\"181\">Marly<\/td>\n<\/tr>\n<tr bgcolor=\"#D3D3D3\">\n<td class=\"xl2717372\" width=\"88\" height=\"24\">2019<\/td>\n<td class=\"xl2817372\" width=\"223\">Pfefferl\u00e9 Partick<\/td>\n<td class=\"xl2817372\" width=\"181\">Sion<\/td>\n<\/tr>\n<tr bgcolor=\"#D3D3D3\">\n<td class=\"xl2717372\" width=\"88\" height=\"24\">2020<\/td>\n<td class=\"xl2817372\" width=\"223\">&#8211;<\/td>\n<td class=\"xl2817372\" width=\"181\">&#8211;<\/td>\n<\/tr>\n<tr bgcolor=\"#D3D3D3\">\n<td class=\"xl2717372\" width=\"88\" height=\"24\">2021<\/td>\n<td class=\"xl2817372\" width=\"223\">Laedermann Roger<\/td>\n<td class=\"xl2817372\" width=\"181\">Romanel<\/td>\n<\/tr>\n<tr bgcolor=\"#D3D3D3\">\n<td class=\"xl2717372\" width=\"88\" height=\"24\">2021<\/td>\n<td class=\"xl2817372\" width=\"223\">Pertz Eberhard<\/td>\n<td class=\"xl2817372\" width=\"181\">Romanel<\/td>\n<\/tr>\n<tr bgcolor=\"#D3D3D3\">\n<td class=\"xl2717372\" width=\"88\" height=\"24\">2022<\/td>\n<td class=\"xl2817372\" width=\"223\">Cornut Alex<\/td>\n<td class=\"xl2817372\" width=\"181\">Nyon<\/td>\n<\/tr>\n<tr bgcolor=\"#D3D3D3\">\n<td class=\"xl2717372\" width=\"88\" height=\"24\">2023<\/td>\n<td class=\"xl2817372\" width=\"223\">&#8211;<\/td>\n<td class=\"xl2817372\" width=\"181\">&#8211;<\/td>\n<\/tr>\n<tr bgcolor=\"#AFEEEE\">\n<td class=\"xl2717372\" width=\"88\" height=\"24\">2024<\/td>\n<td class=\"xl2817372\" width=\"223\">Buco Bruno<\/td>\n<td class=\"xl2817372\" width=\"181\">Collombey-Muraz<\/td>\n<\/tr>\n<tr bgcolor=\"#AFEEEE\">\n<td class=\"xl2717372\" width=\"88\" height=\"24\">2024<\/td>\n<td class=\"xl2817372\" width=\"223\">Chenaux Patrick<\/td>\n<td class=\"xl2817372\" width=\"181\">Crissier<\/td>\n<\/tr>\n<tr bgcolor=\"#AFEEEE\">\n<td class=\"xl2717372\" width=\"88\" height=\"24\">2024<\/td>\n<td class=\"xl2817372\" width=\"223\">Lambelet Jean-Jacques<\/td>\n<td class=\"xl2817372\" width=\"181\">Montriond-Ouchy<\/td>\n<\/tr>\n<tr bgcolor=\"#AFEEEE\">\n<td class=\"xl2717372\" width=\"88\" height=\"24\">2024<\/td>\n<td class=\"xl2817372\" width=\"223\">Paratore Giovanni<\/td>\n<td class=\"xl2817372\" width=\"181\">Forward-Morges<\/td>\n<\/tr>\n<tr bgcolor=\"#AFEEEE\">\n<td class=\"xl2717372\" width=\"88\" height=\"24\">2024<\/td>\n<td class=\"xl2817372\" width=\"223\">Sigg Jacques<\/td>\n<td class=\"xl2817372\" width=\"181\">Bulle<\/td>\n<\/tr>\n<tr bgcolor=\"#AFEEEE\">\n<td class=\"xl2717372\" width=\"88\" height=\"24\">2024<\/td>\n<td class=\"xl2817372\" width=\"223\">Skultety Hans<\/td>\n<td class=\"xl2817372\" width=\"181\">Marly<\/td>\n<\/tr>\n<tr bgcolor=\"#D8BFD8\">\n<td class=\"xl2717372\" width=\"88\" height=\"25\">2025<\/td>\n<td class=\"xl2817372\" width=\"223\">&#8211;<\/td>\n<td class=\"xl2817372\" width=\"181\">&#8211;<\/td>\n<\/tr>\n<tr bgcolor=\"#FFFAF0\">\n<td class=\"xl2717372\" width=\"88\" height=\"25\">2026<\/td>\n<td class=\"xl2817372\" width=\"223\">&#8211;<\/td>\n<td class=\"xl2817372\" width=\"181\">&#8211;<\/td>\n<\/tr>\n<tr bgcolor=\"#98FB98\">\n<td class=\"xl2717372\" width=\"88\" height=\"25\">2027<\/td>\n<td class=\"xl2817372\" width=\"223\">&#8211;<\/td>\n<td class=\"xl2817372\" width=\"181\">&#8211;<\/td>\n<\/tr>\n<tr bgcolor=\"#FFE4E1\">\n<td class=\"xl2717372\" width=\"88\" height=\"25\">2028<\/td>\n<td class=\"xl2817372\" width=\"223\">&#8211;<\/td>\n<td class=\"xl2817372\" width=\"181\">&#8211;<\/td>\n<\/tr>\n<tr bgcolor=\"#FA8072\">\n<td class=\"xl2717372\" width=\"88\" height=\"25\">2029<\/td>\n<td class=\"xl2817372\" width=\"223\">&#8211;<\/td>\n<td class=\"xl2817372\" width=\"181\">&#8211;<\/td>\n<\/tr>\n<\/tbody>\n<\/table>\n","protected":false},"excerpt":{"rendered":"<p>M\u00e9dailles remises \u00e0 partir du 20 juin 2009 &nbsp; &nbsp; &nbsp; Ann\u00e9e Nom et pr\u00e9nom Club 2009 Stoudmann Georges Blonay 2009 Birbaum Roland Bulle 2009 Jonin Charles Fribourg 2009 Furrer [&#8230;]<\/p>\n","protected":false},"author":2,"featured_media":211,"parent":530,"menu_order":0,"comment_status":"closed","ping_status":"closed","template":"","meta":{"footnotes":""},"class_list":["post-532","page","type-page","status-publish","has-post-thumbnail","hentry"],"_links":{"self":[{"href":"https:\/\/www.avvf.ch\/wp\/wp-json\/wp\/v2\/pages\/532","targetHints":{"allow":["GET"]}}],"collection":[{"href":"https:\/\/www.avvf.ch\/wp\/wp-json\/wp\/v2\/pages"}],"about":[{"href":"https:\/\/www.avvf.ch\/wp\/wp-json\/wp\/v2\/types\/page"}],"author":[{"embeddable":true,"href":"https:\/\/www.avvf.ch\/wp\/wp-json\/wp\/v2\/users\/2"}],"replies":[{"embeddable":true,"href":"https:\/\/www.avvf.ch\/wp\/wp-json\/wp\/v2\/comments?post=532"}],"version-history":[{"count":16,"href":"https:\/\/www.avvf.ch\/wp\/wp-json\/wp\/v2\/pages\/532\/revisions"}],"predecessor-version":[{"id":5654,"href":"https:\/\/www.avvf.ch\/wp\/wp-json\/wp\/v2\/pages\/532\/revisions\/5654"}],"up":[{"embeddable":true,"href":"https:\/\/www.avvf.ch\/wp\/wp-json\/wp\/v2\/pages\/530"}],"wp:featuredmedia":[{"embeddable":true,"href":"https:\/\/www.avvf.ch\/wp\/wp-json\/wp\/v2\/media\/211"}],"wp:attachment":[{"href":"https:\/\/www.avvf.ch\/wp\/wp-json\/wp\/v2\/media?parent=532"}],"curies":[{"name":"wp","href":"https:\/\/api.w.org\/{rel}","templated":true}]}}