{"id":825,"date":"2018-04-17T14:19:44","date_gmt":"2018-04-17T14:19:44","guid":{"rendered":"http:\/\/www.avvf.ch\/wp\/?page_id=825"},"modified":"2024-07-01T11:15:56","modified_gmt":"2024-07-01T10:15:56","slug":"js-jeunesse-sport","status":"publish","type":"page","link":"https:\/\/www.avvf.ch\/wp\/js-jeunesse-sport\/","title":{"rendered":"J&#038;S &#8211; Jeunesse &#038; Sport"},"content":{"rendered":"<p><img decoding=\"async\" src=\"http:\/\/www.avvf.ch\/wp\/wp-content\/uploads\/2013\/05\/uebersicht.titleimage.single.image_.gif\" alt=\"\" border=\"0\" \/><\/p>\n<p><strong>\u00a0<\/strong><br \/>\n<strong>Formation au niveau de la jeunesse et du sport d&rsquo;\u00e9lite<\/strong><\/p>\n<p>La formation de Swiss Table Tennis (STT) est assur\u00e9e en coop\u00e9ration avec Jeunesse + Sport (J+S) (sport de jeunesse) et Swiss Olympic (sport d&rsquo;\u00e9lite). D\u00e9j\u00e0 \u00e0 partir de l&rsquo;\u00e2ge de 18 ans, on peut commencer avec la formation d&rsquo;entra\u00eeneur. La formation se fait en modules, une \u00e9tape apr\u00e8s l&rsquo;autre, en passant par\u00a0 l&rsquo;entra\u00eeneur D, C, B, A, l&rsquo;expert,\u00a0l&rsquo;entra\u00eeneur sport d&rsquo;\u00e9lite et l&rsquo;entra\u00eeneur dipl\u00f4m\u00e9 Swiss Olympic. Chaque moniteur J+S doit assister tous les deux ans \u00e0 un cours de formation, s&rsquo;il veut maintenir la validit\u00e9 de sa reconnaissance.<\/p>\n<p>Voici ci dessous les cours sp\u00e9cifiques pour le tennis de table :<\/p>\n<p><a href=\"https:\/\/www.nds.baspo.admin.ch\/publicArea\/cadreEducationStructure\/cadre\/education-structure\/7568316715852037573\/schedule\" target=\"_blank\" rel=\"noopener\">Liste des cours de tennis de table<\/a><\/p>\n<p id=\"doc-1ho9tni3f10\" class=\"\">Jeunesse+Sport fait la distinction entre deux groupes cibles:<\/p>\n<ul id=\"doc-1ho9tni3f11\" class=\"list list--default\" title=\"\">\n<li>Enfants: de 5 \u00e0 10 ans<\/li>\n<li>Jeunes: de 10 \u00e0 20 ans<\/li>\n<\/ul>\n<p>Vous trouverez d&rsquo;autres informations sur le site web de\u00a0<a href=\"https:\/\/www.jugendundsport.ch\/fr\/sportarten\/tischtennis-uebersicht.html\" target=\"_blank\" rel=\"noopener\">Jeunesse + Sport (J+S).<\/a><\/p>\n<p>Pour les cours plus avanc\u00e9es vous trouverez les informations sur Swiss Olympic ou par STT.<\/p>\n<p>L&rsquo;inscription pour la formation et la formation continue d&rsquo;entra\u00eeneur se fait toujours par le coach J+S du club.<\/p>\n<p>Si vous n&rsquo;avez pas de coach J+S dans votre club vous pouvez suivre la formation en une soir\u00e9e selon <a href=\"https:\/\/www.nds.baspo.admin.ch\/publicArea\/cadreEducationStructure\/cadre\/education-structure\/jsCoach\/schedule?CadreEducationCourse_jsCoachAndEsaCoursePlan=%7B%22searchDefinition%22:%7B%22registrationStatus%22:%22OPEN_PLACES%22%7D,%22filterDefinition%22:%7B%22canton%22:%5B%7B%22value%22:%227%23K%22%7D,%7B%22value%22:%2223%23K%22%7D,%7B%22value%22:%2224%23K%22%7D%5D%7D%7D\" target=\"_blank\" rel=\"noopener\">la liste de cours suivante<\/a> (Vaud &#8211; Valais &#8211; Fribourg)<\/p>\n<p>Si vous n&rsquo;avez pas de coach vous pouvez contacter notre coach pour l&rsquo;association Fabrice Descloux.<\/p>\n","protected":false},"excerpt":{"rendered":"<p>\u00a0 Formation au niveau de la jeunesse et du sport d&rsquo;\u00e9lite La formation de Swiss Table Tennis (STT) est assur\u00e9e en coop\u00e9ration avec Jeunesse + Sport (J+S) (sport de jeunesse) [&#8230;]<\/p>\n","protected":false},"author":2,"featured_media":211,"parent":0,"menu_order":0,"comment_status":"closed","ping_status":"closed","template":"","meta":{"footnotes":""},"class_list":["post-825","page","type-page","status-publish","has-post-thumbnail","hentry"],"_links":{"self":[{"href":"https:\/\/www.avvf.ch\/wp\/wp-json\/wp\/v2\/pages\/825","targetHints":{"allow":["GET"]}}],"collection":[{"href":"https:\/\/www.avvf.ch\/wp\/wp-json\/wp\/v2\/pages"}],"about":[{"href":"https:\/\/www.avvf.ch\/wp\/wp-json\/wp\/v2\/types\/page"}],"author":[{"embeddable":true,"href":"https:\/\/www.avvf.ch\/wp\/wp-json\/wp\/v2\/users\/2"}],"replies":[{"embeddable":true,"href":"https:\/\/www.avvf.ch\/wp\/wp-json\/wp\/v2\/comments?post=825"}],"version-history":[{"count":12,"href":"https:\/\/www.avvf.ch\/wp\/wp-json\/wp\/v2\/pages\/825\/revisions"}],"predecessor-version":[{"id":4115,"href":"https:\/\/www.avvf.ch\/wp\/wp-json\/wp\/v2\/pages\/825\/revisions\/4115"}],"wp:featuredmedia":[{"embeddable":true,"href":"https:\/\/www.avvf.ch\/wp\/wp-json\/wp\/v2\/media\/211"}],"wp:attachment":[{"href":"https:\/\/www.avvf.ch\/wp\/wp-json\/wp\/v2\/media?parent=825"}],"curies":[{"name":"wp","href":"https:\/\/api.w.org\/{rel}","templated":true}]}}