{"id":874,"date":"2018-04-17T16:10:24","date_gmt":"2018-04-17T16:10:24","guid":{"rendered":"http:\/\/www.avvf.ch\/wp\/?page_id=874"},"modified":"2025-06-21T13:37:51","modified_gmt":"2025-06-21T12:37:51","slug":"nouveau-licencie","status":"publish","type":"page","link":"https:\/\/www.avvf.ch\/wp\/nouveau-licencie\/","title":{"rendered":"Nouveau licenci\u00e9"},"content":{"rendered":"<p><img loading=\"lazy\" decoding=\"async\" class=\"alignleft\" src=\"http:\/\/www.avvf.ch\/wp\/wp-content\/uploads\/2013\/05\/images1.jpg\" alt=\"\" width=\"146\" height=\"112\" border=\"0\" \/><\/p>\n<p>C&rsquo;est un joueur qui n&rsquo;a jamais \u00e9t\u00e9 licenci\u00e9 en Suisse ou \u00e0 l&rsquo;\u00e9tranger.<\/p>\n<p>Avec toute nouvelle demande de licence, en plus du formulaire officiel (voir ci-dessous), vous devez fournir:<\/p>\n<p><strong>Joueur Suisse :<\/strong><\/p>\n<p>Une copie de sa carte d&rsquo;identit\u00e9 (le permis de conduire n&rsquo;est pas accept\u00e9).<\/p>\n<p><strong>Joueur \u00e9tranger\u00a0habitant en Suisse :<\/strong><\/p>\n<p>Une copie de sa carte d&rsquo;identit\u00e9 (et une copie de son permis de s\u00e9jour si non EU\/AELE).<\/p>\n<p><strong>Joueur \u00e9tranger UE\/AELE habitant \u00e0 l&rsquo;\u00e9tranger y.c. frontalier :<\/strong><\/p>\n<p>Une copie de sa carte d&rsquo;identit\u00e9 et une attestation de domicile (\u00e0 demander\u00a0 \u00e0 la commune).<\/p>\n<p><strong>Classement pour un nouveau joueur :<br \/>\n<\/strong>Il est toujours difficile d&rsquo;\u00e9valuer\u00a0le classement pour un nouveau joueur.<br \/>\n&#8211; Annoncer un classement (le plus juste possible) aupr\u00e8s du D\u00e9partement Technique<br \/>\n&#8211; Il y a toujours la possibilit\u00e9 d&rsquo;annoncer un changement de classement (pour un joueur sous-class\u00e9) en cours de saison<br \/>\nIl faut contacter le D\u00e9partement Technique pour une demande de sur-classement<\/p>\n<p>Pour tout renseignement compl\u00e9mentaire, veuillez contacter le\u00a0D\u00e9partement Technique (DT) de l&rsquo;AVVF.<\/p>\n<p><strong>Les formulaires officiels<\/strong><\/p>\n<p>Les formulaires officiels sont en lien ci-apr\u00e8s (Il est de la responsabilit\u00e9 du club de garder une copie lors de la demande de licence) :<\/p>\n<ul>\n<li><a href=\"https:\/\/www.swisstabletennis.ch\/wp-content\/uploads\/2025\/06\/Demande_de_licence_CH_UE_AELE_Fr.pdf\" target=\"_blank\" rel=\"noopener\">Demande de licence pour joueurs avec nationalit\u00e9 suisse ou ressortissants des pays de l\u2019UE et de l\u2019AELE<\/a><\/li>\n<\/ul>\n<ul>\n<li><a href=\"https:\/\/www.swisstabletennis.ch\/wp-content\/uploads\/2025\/06\/Demande_de_licence_etranger_non_UE_AELE_fr.pdf\" target=\"_blank\" rel=\"noopener\">Demande de licence pour joueuses et joueurs avec nationalit\u00e9 \u00e9trang\u00e8re hors des pays de l\u2019UE et de l\u2019AELE et avec autorisation de s\u00e9jour ou\/et travail en Suisse<\/a><\/li>\n<\/ul>\n<p>Sur click-tt, dans le domaine du club : le menu \u00ab\u00a0gestion des licences\u00a0\u00bb choisir \u00ab\u00a0premi\u00e8re demande\u00a0\u00bb permettra au joueur de prendre une licence. (Seulement pour les \u00ab\u00a0autorisations d&rsquo;acc\u00e8s\u00a0\u00bb de type \u00ab\u00a0administrations de club\u00a0\u00bb)<\/p>\n<p>Attention : Tant que les documents demand\u00e9s ne sont pas fournis, la licence n&rsquo;est pas valable.<\/p>\n<p>NB : La licence demand\u00e9e \u00e0 partir du 01 janvier de l\u2019ann\u00e9e est factur\u00e9e \u00e0 moiti\u00e9 prix.<\/p>\n<p><strong>Carte des clubs de l&rsquo;AVVF<\/strong><\/p>\n<p><img decoding=\"async\" class=\"alignleft\" src=\"http:\/\/www.avvf.ch\/wp\/wp-content\/uploads\/2013\/05\/avvfclubs1.gif\" alt=\"\" border=\"0\" \/><\/p>\n<map name=\"MapClub\">\n<area title=\"Yvorne\" coords=\"205,236,2\" shape=\"circle\" href=\"http:\/\/fstt.galactus.ch\/frameunclub.asp?Langue=1&amp;unclub=40020&amp;unear=4\" target=\"_blank\" \/>\n<area title=\"Blonay\" coords=\"182,195,2\" shape=\"circle\" href=\"http:\/\/fstt.galactus.ch\/frameunclub.asp?Langue=1&amp;unclub=40087&amp;unear=4\" target=\"_blank\" \/>\n<area title=\"Vevey\" coords=\"176,202,2\" shape=\"circle\" href=\"http:\/\/fstt.galactus.ch\/frameunclub.asp?Langue=1&amp;unclub=40015&amp;unear=4\" target=\"_blank\" \/>\n<area title=\"Chexbres\" coords=\"168,200,2\" shape=\"circle\" href=\"http:\/\/fstt.galactus.ch\/frameunclub.asp?Langue=1&amp;unclub=40095&amp;unear=4\" target=\"_blank\" \/>\n<area title=\"Montreux\" coords=\"193,213,2\" shape=\"circle\" href=\"http:\/\/fstt.galactus.ch\/frameunclub.asp?Langue=1&amp;unclub=40010&amp;unear=4\" target=\"_blank\" \/>\n<area title=\"Pully\" coords=\"158,189,2\" shape=\"circle\" href=\"http:\/\/fstt.galactus.ch\/frameunclub.asp?Langue=1&amp;unclub=40034&amp;unear=4\" target=\"_blank\" \/>\n<area title=\"Aigle\" coords=\"207,246,2\" shape=\"circle\" href=\"http:\/\/fstt.galactus.ch\/frameunclub.asp?Langue=1&amp;unclub=40084&amp;unear=4\" target=\"_blank\" \/>\n<area title=\"Collombey\/Muraz\" coords=\"202,265,2\" shape=\"circle\" href=\"http:\/\/fstt.galactus.ch\/frameunclub.asp?Langue=1&amp;unclub=40096&amp;unear=4\" target=\"_blank\" \/>\n<area title=\"Dor\u00e9naz\" coords=\"232,284,2\" shape=\"circle\" href=\"http:\/\/fstt.galactus.ch\/frameunclub.asp?Langue=1&amp;unclub=40099&amp;unear=4\" target=\"_blank\" \/>\n<area title=\"Martigny\" coords=\"234,305,2\" shape=\"circle\" href=\"http:\/\/fstt.galactus.ch\/frameunclub.asp?Langue=1&amp;unclub=40082&amp;unear=4\" target=\"_blank\" \/>\n<area title=\"Sion\" coords=\"274,288,2\" shape=\"circle\" href=\"http:\/\/fstt.galactus.ch\/frameunclub.asp?Langue=1&amp;unclub=40019&amp;unear=4\" target=\"_blank\" \/>\n<area title=\"Gr\u00f4ne\" coords=\"308,281,2\" shape=\"circle\" href=\"http:\/\/fstt.galactus.ch\/frameunclub.asp?Langue=1&amp;unclub=40005&amp;unear=4\" target=\"_blank\" \/>\n<area title=\"Sierre\" coords=\"326,267,2\" shape=\"circle\" href=\"http:\/\/fstt.galactus.ch\/frameunclub.asp?Langue=1&amp;unclub=40036&amp;unear=4\" target=\"_blank\" \/>\n<area title=\"Zermatt\" coords=\"384,330,2\" shape=\"circle\" href=\"http:\/\/fstt.galactus.ch\/frameunclub.asp?Langue=1&amp;unclub=40040&amp;unear=4\" target=\"_blank\" \/>\n<area title=\"Visp\" coords=\"376,252,2\" shape=\"circle\" href=\"http:\/\/fstt.galactus.ch\/frameunclub.asp?Langue=1&amp;unclub=40029&amp;unear=4\" target=\"_blank\" \/>\n<area title=\"Stalden\" coords=\"386,276,2\" shape=\"circle\" href=\"http:\/\/fstt.galactus.ch\/frameunclub.asp?Langue=1&amp;unclub=40022&amp;unear=4\" target=\"_blank\" \/>\n<area title=\"Brig-Glis\" coords=\"412,241,2\" shape=\"circle\" href=\"http:\/\/fstt.galactus.ch\/frameunclub.asp?Langue=1&amp;unclub=40090&amp;unear=4\" target=\"_blank\" \/>\n<area title=\"Lausanne\" coords=\"125,184,4\" shape=\"circle\" href=\"http:\/\/fstt.galactus.ch\/frameunclub.asp?Langue=1&amp;unclub=40006&amp;unear=4\" target=\"_blank\" \/>\n<area title=\"Trams-Renens\" coords=\"117,185,2\" shape=\"circle\" href=\"http:\/\/fstt.galactus.ch\/frameunclub.asp?Langue=1&amp;unclub=40038&amp;unear=4\" target=\"_blank\" \/>\n<area title=\"Romanel\" coords=\"126,176,2\" shape=\"circle\" href=\"http:\/\/fstt.galactus.ch\/frameunclub.asp?Langue=1&amp;unclub=40032&amp;unear=4\" target=\"_blank\" \/>\n<area title=\"Crissier\" coords=\"121,178,2\" shape=\"circle\" href=\"http:\/\/fstt.galactus.ch\/frameunclub.asp?Langue=1&amp;unclub=40097&amp;unear=4\" target=\"_blank\" \/>\n<area title=\"Bussigny\" coords=\"117,179,2\" shape=\"circle\" href=\"http:\/\/fstt.galactus.ch\/frameunclub.asp?Langue=1&amp;unclub=40092&amp;unear=4\" target=\"_blank\" \/>\n<area title=\"Montriond\" coords=\"121,187,2\" shape=\"circle\" href=\"http:\/\/fstt.galactus.ch\/frameunclub.asp?Langue=1&amp;unclub=40011&amp;unear=4\" target=\"_blank\" \/>\n<area title=\"Forward-Morges\" coords=\"98,187,2\" shape=\"circle\" href=\"http:\/\/fstt.galactus.ch\/frameunclub.asp?Langue=1&amp;unclub=40002&amp;unear=4\" target=\"_blank\" \/>\n<area title=\"Rolle\" coords=\"65,199,2\" shape=\"circle\" href=\"http:\/\/fstt.galactus.ch\/frameunclub.asp?Langue=1&amp;unclub=40026&amp;unear=4\" target=\"_blank\" \/>\n<area title=\"Gland\" coords=\"52,209,2\" shape=\"circle\" href=\"http:\/\/fstt.galactus.ch\/frameunclub.asp?Langue=1&amp;unclub=40004&amp;unear=4\" target=\"_blank\" \/>\n<area title=\"Nyon\" coords=\"44,223,2\" shape=\"circle\" href=\"http:\/\/fstt.galactus.ch\/frameunclub.asp?Langue=1&amp;unclub=40030&amp;unear=4\" target=\"_blank\" \/>\n<area title=\"Eysins\" coords=\"35,225,2\" shape=\"circle\" href=\"http:\/\/fstt.galactus.ch\/frameunclub.asp?Langue=1&amp;unclub=40001&amp;unear=4\" target=\"_blank\" \/>\n<area title=\"Bougy\" coords=\"67,187,2\" shape=\"circle\" href=\"http:\/\/fstt.galactus.ch\/frameunclub.asp?Langue=1&amp;unclub=40089&amp;unear=4\" target=\"_blank\" \/>\n<area title=\"Vall\u00e9e-de-Joux\" coords=\"44,163,2\" shape=\"circle\" href=\"http:\/\/fstt.galactus.ch\/frameunclub.asp?Langue=1&amp;unclub=40041&amp;unear=4\" target=\"_blank\" \/>\n<area title=\"Penthalaz\" coords=\"112,161,2\" shape=\"circle\" href=\"http:\/\/fstt.galactus.ch\/frameunclub.asp?Langue=1&amp;unclub=40024&amp;unear=4\" target=\"_blank\" \/>\n<area title=\"Orbe\" coords=\"112,118,2\" shape=\"circle\" href=\"http:\/\/fstt.galactus.ch\/frameunclub.asp?Langue=1&amp;unclub=40039&amp;unear=4\" target=\"_blank\" \/>\n<area title=\"Sainte-Croix\" coords=\"101,87,2\" shape=\"circle\" href=\"http:\/\/fstt.galactus.ch\/frameunclub.asp?Langue=1&amp;unclub=40035&amp;unear=4\" target=\"_blank\" \/>\n<area title=\"Yverdon\" coords=\"131,88,2\" shape=\"circle\" href=\"http:\/\/fstt.galactus.ch\/frameunclub.asp?Langue=1&amp;unclub=40031&amp;unear=4\" target=\"_blank\" \/>\n<area title=\"Yvonand\" coords=\"156,85,2\" shape=\"circle\" href=\"http:\/\/fstt.galactus.ch\/frameunclub.asp?Langue=1&amp;unclub=40003&amp;unear=4\" target=\"_blank\" \/>\n<area title=\"Cheyres\" coords=\"168,83,2\" shape=\"circle\" href=\"http:\/\/fstt.galactus.ch\/frameunclub.asp?Langue=1&amp;unclub=40094&amp;unear=4\" target=\"_blank\" \/>\n<area title=\"Estavayer\" coords=\"180,75,2\" shape=\"circle\" href=\"http:\/\/fstt.galactus.ch\/frameunclub.asp?Langue=1&amp;unclub=40083&amp;unear=4\" target=\"_blank\" \/>\n<area title=\"Corcelles-Concise\" coords=\"146,69,2\" shape=\"circle\" href=\"http:\/\/fstt.galactus.ch\/frameunclub.asp?Langue=1&amp;unclub=40101&amp;unear=4\" target=\"_blank\" \/>\n<area title=\"M\u00e9zi\u00e8res\" coords=\"162,166,2\" shape=\"circle\" href=\"http:\/\/fstt.galactus.ch\/frameunclub.asp?Langue=1&amp;unclub=40009&amp;unear=4\" target=\"_blank\" \/>\n<area title=\"Domdidier\" coords=\"217,60,2\" shape=\"circle\" href=\"http:\/\/fstt.galactus.ch\/frameunclub.asp?Langue=1&amp;unclub=40098&amp;unear=4\" target=\"_blank\" \/>\n<area title=\"Bulle\" coords=\"207,178,2\" shape=\"circle\" href=\"http:\/\/fstt.galactus.ch\/frameunclub.asp?Langue=1&amp;unclub=40091&amp;unear=4\" target=\"_blank\" \/>\n<area title=\"Romont\" coords=\"198,156,2\" shape=\"circle\" href=\"http:\/\/fstt.galactus.ch\/frameunclub.asp?Langue=1&amp;unclub=40033&amp;unear=4\" target=\"_blank\" \/>\n<area title=\"Rossens\" coords=\"234,154,2\" shape=\"circle\" href=\"http:\/\/fstt.galactus.ch\/frameunclub.asp?Langue=1&amp;unclub=40023&amp;unear=4\" target=\"_blank\" \/>\n<area title=\"Ependes-Le Mouret\" coords=\"243,128,2\" shape=\"circle\" href=\"http:\/\/fstt.galactus.ch\/frameunclub.asp?Langue=1&amp;unclub=40100&amp;unear=4\" target=\"_blank\" \/>\n<area title=\"Marly\" coords=\"244,109,2\" shape=\"circle\" href=\"http:\/\/fstt.galactus.ch\/frameunclub.asp?Langue=1&amp;unclub=40008&amp;unear=4\" target=\"_blank\" \/>\n<area title=\"Fribourg\" coords=\"245,97,4\" shape=\"circle\" href=\"http:\/\/fstt.galactus.ch\/frameunclub.asp?Langue=1&amp;unclub=40081&amp;unear=4\" target=\"_blank\" \/>\n<area title=\"Villars\/Gl\u00e2ne\" coords=\"232,107,2\" shape=\"circle\" href=\"http:\/\/fstt.galactus.ch\/frameunclub.asp?Langue=1&amp;unclub=40021&amp;unear=4\" target=\"_blank\" \/>\n<area title=\"Avry-Ros\u00e9\" coords=\"219,118,2\" shape=\"circle\" href=\"http:\/\/fstt.galactus.ch\/frameunclub.asp?Langue=1&amp;unclub=40085&amp;unear=4\" target=\"_blank\" \/>\n<area title=\"Matran\" coords=\"226,120,2\" shape=\"circle\" href=\"http:\/\/fstt.galactus.ch\/frameunclub.asp?Langue=1&amp;unclub=40025&amp;unear=4\" target=\"_blank\" \/><\/map>\n","protected":false},"excerpt":{"rendered":"<p>C&rsquo;est un joueur qui n&rsquo;a jamais \u00e9t\u00e9 licenci\u00e9 en Suisse ou \u00e0 l&rsquo;\u00e9tranger. Avec toute nouvelle demande de licence, en plus du formulaire officiel (voir ci-dessous), vous devez fournir: Joueur [&#8230;]<\/p>\n","protected":false},"author":2,"featured_media":211,"parent":0,"menu_order":0,"comment_status":"closed","ping_status":"closed","template":"","meta":{"footnotes":""},"class_list":["post-874","page","type-page","status-publish","has-post-thumbnail","hentry"],"_links":{"self":[{"href":"https:\/\/www.avvf.ch\/wp\/wp-json\/wp\/v2\/pages\/874","targetHints":{"allow":["GET"]}}],"collection":[{"href":"https:\/\/www.avvf.ch\/wp\/wp-json\/wp\/v2\/pages"}],"about":[{"href":"https:\/\/www.avvf.ch\/wp\/wp-json\/wp\/v2\/types\/page"}],"author":[{"embeddable":true,"href":"https:\/\/www.avvf.ch\/wp\/wp-json\/wp\/v2\/users\/2"}],"replies":[{"embeddable":true,"href":"https:\/\/www.avvf.ch\/wp\/wp-json\/wp\/v2\/comments?post=874"}],"version-history":[{"count":15,"href":"https:\/\/www.avvf.ch\/wp\/wp-json\/wp\/v2\/pages\/874\/revisions"}],"predecessor-version":[{"id":5657,"href":"https:\/\/www.avvf.ch\/wp\/wp-json\/wp\/v2\/pages\/874\/revisions\/5657"}],"wp:featuredmedia":[{"embeddable":true,"href":"https:\/\/www.avvf.ch\/wp\/wp-json\/wp\/v2\/media\/211"}],"wp:attachment":[{"href":"https:\/\/www.avvf.ch\/wp\/wp-json\/wp\/v2\/media?parent=874"}],"curies":[{"name":"wp","href":"https:\/\/api.w.org\/{rel}","templated":true}]}}