{"id":970,"date":"2018-04-17T20:25:59","date_gmt":"2018-04-17T20:25:59","guid":{"rendered":"http:\/\/www.avvf.ch\/wp\/?page_id=970"},"modified":"2018-04-17T20:25:59","modified_gmt":"2018-04-17T20:25:59","slug":"finales-pour-le-titre","status":"publish","type":"page","link":"https:\/\/www.avvf.ch\/wp\/championnats\/finales-pour-le-titre\/","title":{"rendered":"Finales pour le titre"},"content":{"rendered":"<p>Voici les explications pour les rencontres des finales pour le titre de champion de ligue AVVF de la saison 2017-2018.<\/p>\n<p>Les \u00e9quipes ayant termin\u00e9 premi\u00e8re de leur groupe sont s\u00e9lectionn\u00e9es pour jouer le titre AVVF de leur ligue.<br \/>\nUn classement par ligue entre les premiers de chaque groupe est \u00e9tabli (identique \u00e0 l&rsquo;article 4.3.1.3 qui d\u00e9termine les meilleures deuxi\u00e8mes) pour conna\u00eetre les \u00e9quipes qui re\u00e7oivent.<br \/>\n<strong>C&rsquo;est toujours l&rsquo;\u00e9quipe la mieux class\u00e9e de la ligue qui re\u00e7oit.<\/strong><\/p>\n<p>L\u2019\u00e9quipe re\u00e7oit au jour et \u00e0 l&rsquo;heure indiqu\u00e9s dans le bulletin n\u00b07.<\/p>\n<p>Toutefois, il est possible, sur entente entre les deux \u00e9quipes, de d\u00e9placer le jour ou l\u2019heure de jeu \u00e0 un autre jour de la semaine en question. <strong>Mais en aucun cas sur la semaine suivante<\/strong>, pour que nous puissions \u00e9tablir le tableau pour le tour suivant.<\/p>\n<p>Pour conna\u00eetre rapidement le vainqueur d\u2019un tour, veuillez saisir compl\u00e9tement le r\u00e9sultat de la rencontre <span style=\"color: #ff0000;\">dans Click-TT, au plus tard 24 heures apr\u00e8s la rencontre<\/span>. Cela nous permettra de mettre \u00e0 jour le tableau que vous trouvez en cliquant sur ce lien.<\/p>\n<p>Le pr\u00e9sent avis tient lieu de convocation, aucun envoi ne sera adress\u00e9 aux clubs !<\/p>\n<p><strong>Matches pour le titre AVVF<\/strong><br \/>\nLes matches pour le titre ne sont pas obligatoires. Si une \u00e9quipe ne d\u00e9sire pas y participer, elle avertit l\u2019\u00e9quipe adverse et le DT au moins une semaine avant le premier tour.<\/p>\n<p><a title=\"Tableaux\" href=\"http:\/\/www.avvf.ch\/wp\/wp-content\/uploads\/2018\/04\/20172018tableauxdesfinalespourletitre20180416.pdf\" target=\"_blank\" rel=\"noopener\">Tableaux des finales au 16 avril 2018<\/a><\/p>\n<p><a title=\"Tableaux\" href=\"http:\/\/www.avvf.ch\/wp\/wp-content\/uploads\/2018\/04\/20172018tableauxdesfinalespourletitre20180402.pdf\" target=\"_blank\" rel=\"noopener\">Tableaux des finales au 2 avril 2018<\/a><\/p>\n<p><a title=\"Tableaux\" href=\"http:\/\/www.avvf.ch\/wp\/wp-content\/uploads\/2013\/05\/20172018tableauxdesfinalespourletitre20180327.pdf\" target=\"_blank\" rel=\"noopener\">Tableaux des finales au 27 mars 2018<\/a><\/p>\n","protected":false},"excerpt":{"rendered":"<p>Voici les explications pour les rencontres des finales pour le titre de champion de ligue AVVF de la saison 2017-2018. Les \u00e9quipes ayant termin\u00e9 premi\u00e8re de leur groupe sont s\u00e9lectionn\u00e9es [&#8230;]<\/p>\n","protected":false},"author":2,"featured_media":211,"parent":948,"menu_order":0,"comment_status":"closed","ping_status":"closed","template":"","meta":{"footnotes":""},"class_list":["post-970","page","type-page","status-publish","has-post-thumbnail","hentry"],"_links":{"self":[{"href":"https:\/\/www.avvf.ch\/wp\/wp-json\/wp\/v2\/pages\/970","targetHints":{"allow":["GET"]}}],"collection":[{"href":"https:\/\/www.avvf.ch\/wp\/wp-json\/wp\/v2\/pages"}],"about":[{"href":"https:\/\/www.avvf.ch\/wp\/wp-json\/wp\/v2\/types\/page"}],"author":[{"embeddable":true,"href":"https:\/\/www.avvf.ch\/wp\/wp-json\/wp\/v2\/users\/2"}],"replies":[{"embeddable":true,"href":"https:\/\/www.avvf.ch\/wp\/wp-json\/wp\/v2\/comments?post=970"}],"version-history":[{"count":2,"href":"https:\/\/www.avvf.ch\/wp\/wp-json\/wp\/v2\/pages\/970\/revisions"}],"predecessor-version":[{"id":975,"href":"https:\/\/www.avvf.ch\/wp\/wp-json\/wp\/v2\/pages\/970\/revisions\/975"}],"up":[{"embeddable":true,"href":"https:\/\/www.avvf.ch\/wp\/wp-json\/wp\/v2\/pages\/948"}],"wp:featuredmedia":[{"embeddable":true,"href":"https:\/\/www.avvf.ch\/wp\/wp-json\/wp\/v2\/media\/211"}],"wp:attachment":[{"href":"https:\/\/www.avvf.ch\/wp\/wp-json\/wp\/v2\/media?parent=970"}],"curies":[{"name":"wp","href":"https:\/\/api.w.org\/{rel}","templated":true}]}}