{"id":995,"date":"2018-04-17T20:49:41","date_gmt":"2018-04-17T20:49:41","guid":{"rendered":"http:\/\/www.avvf.ch\/wp\/?page_id=995"},"modified":"2026-02-27T21:50:04","modified_gmt":"2026-02-27T20:50:04","slug":"tournois-de-classement-avvf","status":"publish","type":"page","link":"https:\/\/www.avvf.ch\/wp\/tournois\/tournois-de-classement-avvf\/","title":{"rendered":"Tournois de classement AVVF"},"content":{"rendered":"<p>Les tournois de classements AVVF sont des comp\u00e9titions qui se d\u00e9roulent sur une demi-journ\u00e9e, g\u00e9n\u00e9ralement un samedi. Selon leur classement ELO, les joueurs sont r\u00e9partis dans des groupes de 8, dispers\u00e9s dans les diff\u00e9rents clubs de l&rsquo;AVVF. Le format est simple, tous les joueurs s&rsquo;affrontent ce qui permet d&rsquo;effectuer 7 matchs contre des adversaires sensiblement du m\u00eame niveau.<br \/>\nUn classement g\u00e9n\u00e9ral est effectu\u00e9 en fin de saison en fonction des 4 tournois annuels (3 meilleurs r\u00e9sultats).<\/p>\n<p>Les inscriptions se font ind\u00e9pendamment pour chaque tournoi et via <a href=\"https:\/\/tt-turnier.ch\/avvf\" target=\"_blank\" rel=\"noopener\">https:\/\/tt-turnier.ch\/avvf<\/a>. La finance d&rsquo;inscription (15.- par tournoi) est factur\u00e9e aux clubs en fin de saison.<\/p>\n<h3>Pour annoncer son absence au tournoi de classement :<\/h3>\n<p>Avant la fin du d\u00e9lai de d\u00e9sinscription : Il est possible de se d\u00e9sinscrire via <a href=\"https:\/\/tt-turnier.ch\/avvf\" target=\"_blank\" rel=\"noopener\">https:\/\/tt-turnier.ch\/avvf<\/a> (pas de finance d&rsquo;inscription). Le d\u00e9lai de d\u00e9sinscription est indiqu\u00e9 sur la page d&rsquo;inscription du tournoi.<\/p>\n<p>Apr\u00e8s le d\u00e9lai de d\u00e9sinscription (et avant le groupe et le lieu du tournoi connu) : Envoyer un mail \u00e0 <a href=\"mailto:dt@avvf.ch\" target=\"_blank\" rel=\"noopener\">dt@avvf.ch<\/a> pour annoncer la non participation au tournoi. La finance d&rsquo;inscription reste due.<\/p>\n<p>D&rsquo;une fois le lieu du tournoi connu : Envoyer un mail \u00e0 l\u2019organisateur (adresse disponible dans le fichier \u00ab Tirage au sort &#8211; lieu \u2013 horaires \u00bb) <strong>et<\/strong> \u00e0 <a href=\"mailto:dt@avvf.ch\" target=\"_blank\" rel=\"noopener\">dt@avvf.ch<\/a> en indiquant le num\u00e9ro de la division et le num\u00e9ro du groupe. L\u2019absence est consid\u00e9r\u00e9e comme excus\u00e9e jusqu\u2019\u00e0 1h avant l\u2019heure du d\u00e9but du TC.\u00a0 La finance d\u2019inscription reste due. Une absence non-excus\u00e9e est sanctionn\u00e9e d&rsquo;une amende de 50.- selon le RF AVVF. De plus, selon l\u2019Article STT 140.3.2 des \u00ab Dispositions compl\u00e9mentaires au r\u00e8glement sportif \u00bb (Pages 150-151 de l\u2019annuaire STT 2025-2026) : 20 points Elo sont enlev\u00e9s.<\/p>\n<h3>SAISON 2025-2026<\/h3>\n<h3><strong>Classement<\/strong><\/h3>\n<p>Classement_TC_Elite_25-26 (A venir&#8230;)<\/p>\n<p>Classement_TC_Jeunesse_25-26 (A venir&#8230;)<\/p>\n<p>Prix_TC_25-26 (A venir&#8230;)<\/p>\n<p>R\u00e9sultats et dates des tournois de classements <strong>AVVF Elite<\/strong> :<\/p>\n<p>TC 1 : 13.09.2025 (<a href=\"https:\/\/tt-turnier.ch\/avvf\/archive\/avvf_elite_2025_tc1\/categories\" target=\"_blank\" rel=\"noopener\">R\u00e9sultats<\/a>)<\/p>\n<p>TC 2 : 08.11.2025 (<a href=\"https:\/\/tt-turnier.ch\/avvf\/archive\/avvf_elite_2025_tc2\/categories\" target=\"_blank\" rel=\"noopener\">R\u00e9sultats<\/a>)<\/p>\n<p>TC 3 : 24.01.2026 (<a href=\"https:\/\/tt-turnier.ch\/avvf\/archive\/avvf_elite_2026_tc3\/categories\" target=\"_blank\" rel=\"noopener\">R\u00e9sultats<\/a>)<\/p>\n<p>TC 4 : 14.03.2026 (R\u00e9sultats \u00e0 venir&#8230;)<\/p>\n<p>R\u00e9sultats et dates des tournois de classements <strong>AVVF Jeunesse <\/strong>:<\/p>\n<p>TC 1 : 13.09.2025 (<a href=\"https:\/\/tt-turnier.ch\/avvf\/archive\/avvf_jeunesse_2025_tc1\/categories\" target=\"_blank\" rel=\"noopener\">R\u00e9sultats<\/a>)<\/p>\n<p>TC 2 : 08.11.2025 (<a href=\"https:\/\/tt-turnier.ch\/avvf\/archive\/avvf_jeunesse_2025_tc2\/categories\" target=\"_blank\" rel=\"noopener\">R\u00e9sultats<\/a>)<\/p>\n<p>TC 3 : 24.01.2026 (<a href=\"https:\/\/tt-turnier.ch\/avvf\/archive\/avvf_jeunesse_2026_tc3\/categories\" target=\"_blank\" rel=\"noopener\">R\u00e9sultats<\/a>)<\/p>\n<p>TC 4 : 14.03.2026\u00a0 (R\u00e9sultats \u00e0 venir&#8230;)<\/p>\n<h3><\/h3>\n<h3>SAISON 2024-2025<\/h3>\n<h3><strong>Classement<\/strong><\/h3>\n<p><a href=\"https:\/\/www.avvf.ch\/wp\/wp-content\/uploads\/simple-file-list\/Classement-TC-AVVF-Elite-2024-2025.pdf\" target=\"_blank\" rel=\"noopener\">Classement_TC_Elite_24-25<\/a><\/p>\n<p><a href=\"https:\/\/www.avvf.ch\/wp\/wp-content\/uploads\/simple-file-list\/Classement-TC-AVVF-Jeunesse-2024-2025.pdf\" target=\"_blank\" rel=\"noopener\">Classement_TC_Jeunesse_24-25<\/a><\/p>\n<p><a href=\"https:\/\/www.avvf.ch\/wp\/wp-content\/uploads\/simple-file-list\/Prix-TC-24-25-Resultats.pdf\" target=\"_blank\" rel=\"noopener\">Prix_TC_24-25<\/a><\/p>\n<p>R\u00e9sultats et dates des tournois de classements <strong>AVVF Elite<\/strong> :<\/p>\n<p>TC 1 : 21.09.2024 (<a href=\"https:\/\/tt-turnier.ch\/avvf\/archive\/avvf_elite_2024_tc1\/categories\/tc1_24-25\" target=\"_blank\" rel=\"noopener\">R\u00e9sultats<\/a>)<\/p>\n<p>TC 2 : 09.11.2024 (<a href=\"https:\/\/tt-turnier.ch\/avvf\/archive\/avvf_elite_2024_tc2\/categories\" target=\"_blank\" rel=\"noopener\">R\u00e9sultats<\/a>)<\/p>\n<p>TC 3 : 01.02.2025 (<a href=\"https:\/\/tt-turnier.ch\/avvf\/archive\/avvf_elite_2025_tc3\/categories\" target=\"_blank\" rel=\"noopener\">R\u00e9sultats<\/a>)<\/p>\n<p>TC 4 : 29.03.2025 (<a href=\"https:\/\/tt-turnier.ch\/avvf\/archive\/avvf_elite_2025_tc4\/categories\" target=\"_blank\" rel=\"noopener\">R\u00e9sultats<\/a>)<\/p>\n<p>R\u00e9sultats et dates des tournois de classements <strong>AVVF Jeunesse <\/strong>:<\/p>\n<p>TC 1 : 05.10.2024 (Lausanne 13h30) (<a href=\"https:\/\/tt-turnier.ch\/avvf\/archive\/avvf_jeunesse_2024_tc1\/categories\/tc1_j_24-25\" target=\"_blank\" rel=\"noopener\">R\u00e9sultats<\/a>)<\/p>\n<p>TC 2 : 09.11.2024 (Lausanne 09h30) (<a href=\"https:\/\/tt-turnier.ch\/avvf\/archive\/avvf_jeunesse_2024_tc2\/categories\" target=\"_blank\" rel=\"noopener\">R\u00e9sultats<\/a>)<\/p>\n<p>TC 3 : 09.02.2025 (Lausanne 13h30) (<a href=\"https:\/\/tt-turnier.ch\/avvf\/tc-jeunesse\" target=\"_blank\" rel=\"noopener\">R\u00e9sultats<\/a>)<\/p>\n<p>TC 4 : 29.03.2025 (Lausanne 13h30) (<a href=\"https:\/\/tt-turnier.ch\/avvf\/archive\/avvf_jeunesse_2025_tc4\/categories\" target=\"_blank\" rel=\"noopener\">R\u00e9sultats<\/a>)<\/p>\n<p>&nbsp;<\/p>\n<h3>SAISON 2023-2024<\/h3>\n<h3><strong>Classement<\/strong><\/h3>\n<p><a href=\"http:\/\/www.avvf.ch\/wp\/wp-content\/uploads\/2024\/05\/Classement_TC_Elite_23-24.pdf\" target=\"_blank\" rel=\"noopener\">Classement_TC_Elite_23-24<\/a><\/p>\n<p><a href=\"http:\/\/www.avvf.ch\/wp\/wp-content\/uploads\/2024\/05\/Classement_TC_Jeunesse_23-24.pdf\" target=\"_blank\" rel=\"noopener\">Classement_TC_Jeunesse_23-24<\/a><\/p>\n<p><a href=\"http:\/\/www.avvf.ch\/wp\/wp-content\/uploads\/2024\/05\/Prix_TC_23-24.pdf\" target=\"_blank\" rel=\"noopener\">Prix_TC_23-24<\/a><\/p>\n<p>D\u00e9tails des tournois sur <a href=\"http:\/\/pyngpong.info\/\" target=\"_blank\" rel=\"noopener\">PyngPong.info<\/a>.<\/p>\n<h3>SAISON 2022-2023<\/h3>\n<h3><strong>Classement<\/strong><\/h3>\n<p><a href=\"http:\/\/www.avvf.ch\/wp\/wp-content\/uploads\/2023\/05\/Classement_TC_22-23_Elite.pdf\" target=\"_blank\" rel=\"noopener\">Classement_TC_22-23_Elite<\/a><\/p>\n<p><a href=\"http:\/\/www.avvf.ch\/wp\/wp-content\/uploads\/2023\/05\/Classement_TC_22-23_Jeunesse.pdf\" target=\"_blank\" rel=\"noopener\">Classement_TC_22-23_Jeunesse<\/a><\/p>\n<p>D\u00e9tails des tournois sur <a href=\"http:\/\/pyngpong.info\/\" target=\"_blank\" rel=\"noopener\">PyngPong.info<\/a>.<\/p>\n<h3>SAISON 2021-2022<\/h3>\n<p><a href=\"http:\/\/www.avvf.ch\/wp\/wp-content\/uploads\/2022\/06\/Classement_TC_Elite.pdf\">Classement_TC_Elite<\/a><\/p>\n<p><a href=\"http:\/\/www.avvf.ch\/wp\/wp-content\/uploads\/2022\/06\/Classement_TC_Jeunesse.pdf\">Classement_TC_Jeunesse<\/a><\/p>\n<h3>SAISON 2020-2021<\/h3>\n<p><strong>R\u00c9SULTATS<\/strong><\/p>\n<p><a href=\"http:\/\/www.avvf.ch\/wp\/wp-content\/uploads\/2020\/10\/2020-2021-TC-1-R\u00e9sultats.pdf\">TC 1 &#8211; R\u00e9sultats &#8211; ELITE<\/a><\/p>\n<p><a href=\"http:\/\/www.avvf.ch\/wp\/wp-content\/uploads\/2020\/09\/2020-2021-TC-Jeunesse-1-R\u00e9sultats.pdf\" target=\"_blank\" rel=\"noopener noreferrer\">TC 1 &#8211; R\u00e9sultats &#8211; JEUNESSE<\/a><\/p>\n<h3>SAISON 2019-2020<\/h3>\n<p><strong>CLASSEMENT GENERAL<\/strong><\/p>\n<p><a href=\"http:\/\/www.avvf.ch\/wp\/wp-content\/uploads\/2020\/01\/2019-2020-TC-Classement-g\u00e9n\u00e9ral-Elite-apr\u00e8s-TC-3.pdf\" target=\"_blank\" rel=\"noopener noreferrer\">Classement Elite<\/a><\/p>\n<p><a href=\"http:\/\/www.avvf.ch\/wp\/wp-content\/uploads\/2020\/01\/2019-2020-TC-Classement-g\u00e9n\u00e9ral-U13-U15-apr\u00e8s-TC-3.pdf\" target=\"_blank\" rel=\"noopener noreferrer\">Classement Jeunesse<\/a><\/p>\n","protected":false},"excerpt":{"rendered":"<p>Les tournois de classements AVVF sont des comp\u00e9titions qui se d\u00e9roulent sur une demi-journ\u00e9e, g\u00e9n\u00e9ralement un samedi. Selon leur classement ELO, les joueurs sont r\u00e9partis dans des groupes de 8, [&#8230;]<\/p>\n","protected":false},"author":2,"featured_media":211,"parent":952,"menu_order":0,"comment_status":"closed","ping_status":"closed","template":"","meta":{"footnotes":""},"class_list":["post-995","page","type-page","status-publish","has-post-thumbnail","hentry"],"_links":{"self":[{"href":"https:\/\/www.avvf.ch\/wp\/wp-json\/wp\/v2\/pages\/995","targetHints":{"allow":["GET"]}}],"collection":[{"href":"https:\/\/www.avvf.ch\/wp\/wp-json\/wp\/v2\/pages"}],"about":[{"href":"https:\/\/www.avvf.ch\/wp\/wp-json\/wp\/v2\/types\/page"}],"author":[{"embeddable":true,"href":"https:\/\/www.avvf.ch\/wp\/wp-json\/wp\/v2\/users\/2"}],"replies":[{"embeddable":true,"href":"https:\/\/www.avvf.ch\/wp\/wp-json\/wp\/v2\/comments?post=995"}],"version-history":[{"count":148,"href":"https:\/\/www.avvf.ch\/wp\/wp-json\/wp\/v2\/pages\/995\/revisions"}],"predecessor-version":[{"id":6226,"href":"https:\/\/www.avvf.ch\/wp\/wp-json\/wp\/v2\/pages\/995\/revisions\/6226"}],"up":[{"embeddable":true,"href":"https:\/\/www.avvf.ch\/wp\/wp-json\/wp\/v2\/pages\/952"}],"wp:featuredmedia":[{"embeddable":true,"href":"https:\/\/www.avvf.ch\/wp\/wp-json\/wp\/v2\/media\/211"}],"wp:attachment":[{"href":"https:\/\/www.avvf.ch\/wp\/wp-json\/wp\/v2\/media?parent=995"}],"curies":[{"name":"wp","href":"https:\/\/api.w.org\/{rel}","templated":true}]}}